{"id":5,"date":"2023-02-08T08:12:43","date_gmt":"2023-02-08T08:12:43","guid":{"rendered":"https:\/\/olahlajos.hu\/?page_id=5"},"modified":"2023-02-08T08:22:57","modified_gmt":"2023-02-08T08:22:57","slug":"maintenance-page","status":"publish","type":"page","link":"http:\/\/olahlajos.hu\/","title":{"rendered":"Karbantart\u00e1s"},"content":{"rendered":"\n<div id=\"wp-block-themeisle-blocks-advanced-columns-0d617423\" class=\"wp-block-themeisle-blocks-advanced-columns alignfull has-1-columns has-desktop-equal-layout has-tablet-equal-layout has-mobile-equal-layout has-vertical-center\"><div class=\"wp-block-themeisle-blocks-advanced-columns-overlay\"><\/div><div class=\"innerblocks-wrap\">\n<div id=\"wp-block-themeisle-blocks-advanced-column-7a21d599\" class=\"wp-block-themeisle-blocks-advanced-column\">\n<h1 id=\"wp-block-themeisle-blocks-advanced-heading-84bfa495\" class=\"wp-block-themeisle-blocks-advanced-heading wp-block-themeisle-blocks-advanced-heading-84bfa495 animated fadeIn\">A weboldal karbantart\u00e1s alatt \u00e1ll<\/h1>\n\n\n\n<div style=\"height:40px\" aria-hidden=\"true\" class=\"wp-block-spacer\"><\/div>\n\n\n\n<p id=\"wp-block-themeisle-blocks-advanced-heading-a458b450\" class=\"wp-block-themeisle-blocks-advanced-heading wp-block-themeisle-blocks-advanced-heading-a458b450\">K\u00e9rj\u00fck t\u00e9rjen vissza k\u00e9s\u0151bb!<\/p>\n\n\n\n<div style=\"height:40px\" aria-hidden=\"true\" class=\"wp-block-spacer\"><\/div>\n<\/div>\n<\/div><\/div>\n","protected":false},"excerpt":{"rendered":"","protected":false},"author":1,"featured_media":0,"parent":0,"menu_order":0,"comment_status":"closed","ping_status":"closed","template":"templates\/wpmm-page-template.php","meta":{"_themeisle_gutenberg_block_has_review":false},"_links":{"self":[{"href":"http:\/\/olahlajos.hu\/index.php?rest_route=\/wp\/v2\/pages\/5"}],"collection":[{"href":"http:\/\/olahlajos.hu\/index.php?rest_route=\/wp\/v2\/pages"}],"about":[{"href":"http:\/\/olahlajos.hu\/index.php?rest_route=\/wp\/v2\/types\/page"}],"author":[{"embeddable":true,"href":"http:\/\/olahlajos.hu\/index.php?rest_route=\/wp\/v2\/users\/1"}],"replies":[{"embeddable":true,"href":"http:\/\/olahlajos.hu\/index.php?rest_route=%2Fwp%2Fv2%2Fcomments&post=5"}],"version-history":[{"count":4,"href":"http:\/\/olahlajos.hu\/index.php?rest_route=\/wp\/v2\/pages\/5\/revisions"}],"predecessor-version":[{"id":12,"href":"http:\/\/olahlajos.hu\/index.php?rest_route=\/wp\/v2\/pages\/5\/revisions\/12"}],"wp:attachment":[{"href":"http:\/\/olahlajos.hu\/index.php?rest_route=%2Fwp%2Fv2%2Fmedia&parent=5"}],"curies":[{"name":"wp","href":"https:\/\/api.w.org\/{rel}","templated":true}]}}